{"id":28,"date":"2024-06-08T16:39:21","date_gmt":"2024-06-08T16:39:21","guid":{"rendered":"https:\/\/takaromihaly.hu\/?page_id=28"},"modified":"2025-03-15T09:49:11","modified_gmt":"2025-03-15T09:49:11","slug":"bemutatkozas","status":"publish","type":"page","link":"https:\/\/takaromihaly.hu\/index.php\/bemutatkozas\/","title":{"rendered":"Bemutatkoz\u00e1s"},"content":{"rendered":"\n<h2 class=\"wp-block-heading\"><strong>Takar\u00f3 Mih\u00e1ly<\/strong><\/h2>\n\n\n\n<p>\u00cdr\u00f3, irodalomt\u00f6rt\u00e9n\u00e9sz, tan\u00e1r<\/p>\n\n\n\n<p>Diplom\u00e1it P\u00e9csett, Debrecenben \u00e9s Budapesten szerezte. 1978-t\u00f3l a budapesti Kossuth Lajos Gimn\u00e1ziumban tan\u00edtott 1995-ig. 1993-t\u00f3l 2004-ig az OKSZI f\u0151munkat\u00e1rsak\u00e9nt a magyar nyelv \u00e9s irodalom orsz\u00e1gos tant\u00e1rgygondoz\u00f3ja volt. 1993. janu\u00e1rja \u00f3ta a magyar irodalom OKTV bizotts\u00e1g \u00fcgyvezet\u0151i-eln\u00f6ki teend\u0151it is ell\u00e1tja. 1999-t\u0151l 2004-ig a Budapest L\u00f3nyay utcai Reform\u00e1tus Gimn\u00e1ziumban egyetemi gyakorlatvezet\u0151 tan\u00e1rk\u00e9nt dolgozott. 2004-t\u0151l 2009-ig a Budapest Fasori Gimn\u00e1ziumban oktatott. 2009 \u00e9s 2015 k\u00f6z\u00f6tt a vecs\u00e9si Pet\u0151fi S\u00e1ndor Katolikus Gimn\u00e1zium tan\u00e1ra volt.<br>A K\u00e1roli G\u00e1sp\u00e1r Reform\u00e1tus Egyetemen 2000-2004-ig oktat\u00f3k\u00e9nt, 2004-2005-ben egyetemi adjunktusk\u00e9nt tan\u00edtott eszmet\u00f6rt\u00e9netet \u00e9s irodalmat.<br>2007-2008-ban a P\u00e1zm\u00e1ny P\u00e9ter Katolikus Egyetem b\u00f6lcs\u00e9szettudom\u00e1nyi kar\u00e1n oktatott. 2014 szeptembere \u00f3ta a Kaposv\u00e1ri Egyetem M\u0171v\u00e9szeti Kar\u00e1nak Sz\u00edn\u00e9szmester szak\u00e1n egyetemi oktat\u00f3. Jelenleg az Oktat\u00e1si Hivatal k\u00fcls\u0151 munkat\u00e1rsa, a Magyar \u00cdr\u00f3sz\u00f6vets\u00e9g v\u00e1lasztm\u00e1ny\u00e1nak tagja.<br>2012-ben egy\u00e9ni kezdem\u00e9nyez\u00e9s\u00e9re ker\u00fclt be az \u00faj Nemzeti Alaptantervbe Herczeg Ferenc, Tormay C\u00e9cile, Szab\u00f3 Dezs\u0151 \u00e9s Nyir\u0151 J\u00f3zsef. A Sz\u00e1zak Tan\u00e1cs\u00e1nak k\u00fcls\u0151 tagja. 1993-t\u00f3l 2003-ig a Magyarorsz\u00e1gi Reform\u00e1tus Egyh\u00e1z iskola\u00fcgyi f\u0151tan\u00e1csosak\u00e9nt 38 k\u00f6zoktat\u00e1si int\u00e9zm\u00e9ny alap\u00edt\u00e1s\u00e1ban vett r\u00e9szt. 1993-ban a K\u00e1roli G\u00e1sp\u00e1r Reform\u00e1tus Egyetem megalap\u00edt\u00e1s\u00e1nak \u00e9s elind\u00edt\u00e1s\u00e1nak munk\u00e1lataiban vett r\u00e9szt. 1998-t\u00f3l a Dunamell\u00e9ki Reform\u00e1tus Egyh\u00e1zker\u00fclet vil\u00e1gi eln\u00f6kek\u00e9nt tev\u00e9kenykedett 2003. febru\u00e1r 18-ig. 2001-ben v\u00e1lasztott\u00e1k meg a Magyar Reform\u00e1tus Vil\u00e1gsz\u00f6vets\u00e9g f\u0151titk\u00e1r\u00e1nak, melyet annak eln\u00f6k\u00e9vel, T\u0151k\u00e9s L\u00e1szl\u00f3val egy\u00fctt vezetett 2008-ig. Hossz\u00fa id\u0151n kereszt\u00fcl az MRE zsinat\u00e1nak, illetve 1998-t\u00f3l 2002-ig a Zsinati Eln\u00f6ks\u00e9g tagja volt. 33 \u00e9ve presbiter.<br>2013 \u00f3ta a K\u00e1rp\u00e1t-medencei Magyartan\u00e1rok Egyes\u00fclet\u00e9nek eln\u00f6ke.<\/p>\n\n\n\n<h2 class=\"wp-block-heading\"><strong>Kit\u00fcntet\u00e9sek, elismer\u00e9sek<\/strong><\/h2>\n\n\n\n<ul class=\"wp-block-list\">\n<li>2008. december: ERD\u00c9LYI MAGYAR \u00d6R\u00d6KS\u00c9G D\u00cdJ<\/li>\n\n\n\n<li>2012. okt\u00f3ber 23.: Pongr\u00e1tz Gergely \u00c9rdemrend<\/li>\n\n\n\n<li>2014. m\u00e1rcius: MAGYAR \u00d6R\u00d6KS\u00c9G &#8211; d\u00edj<\/li>\n\n\n\n<li>2014. augusztus: Magyar \u00c9rdemrend Lovagkeresztje &#8211; polg\u00e1ri tagozat<\/li>\n\n\n\n<li>2014. okt\u00f3ber: Csepel d\u00edszpolg\u00e1ra<\/li>\n\n\n\n<li>2014. november: Budapest\u00e9rt d\u00edj<\/li>\n\n\n\n<li>2015. Bocskai-d\u00edj<\/li>\n\n\n\n<li>2018. N\u00e9meth L\u00e1szl\u00f3-d\u00edj<\/li>\n\n\n\n<li>J\u00f3zsef Attila-d\u00edj (2019)<\/li>\n\n\n\n<li>T\u0151k\u00e9czki L\u00e1sz\u00f3-d\u00edj (telev\u00edzi\u00f3s szakmai d\u00edj 2022)<\/li>\n\n\n\n<li>Mad\u00e1ch Imre-d\u00edj (2023)<\/li>\n\n\n\n<li>Sz\u00e9chenyi-d\u00edj (2025)<\/li>\n<\/ul>\n\n\n\n<h2 class=\"wp-block-heading\"><strong>Legjelent\u0151sebb tanulm\u00e1nyok, el\u0151ad\u00e1sok<\/strong><\/h2>\n\n\n\n<ul class=\"wp-block-list\">\n<li>Egyh\u00e1z- t\u00e1rsadalom- kommunik\u00e1ci\u00f3- 1995 (el\u0151ad\u00e1s) Balatonsz\u00e1rsz\u00f3 \u00e9rtelmis\u00e9gi Konferencia &#8211; Sz\u00e1rsz\u00f3i F\u00fczetek<\/li>\n\n\n\n<li>A mama-mot\u00edvum J\u00f3zsef Attila k\u00f6lt\u00e9szet\u00e9ben -1999 (tanulm\u00e1ny) Magyar-szakt\u00e1rgyi foly\u00f3irat<\/li>\n\n\n\n<li>A XX. Sz\u00e1zadi irodalmi k\u00e1non problematik\u00e1ja -2003 (tanulm\u00e1ny) Kredit, Budapest<\/li>\n\n\n\n<li>A k\u00e1rp\u00e1t-medencei irodalmi kerettanterv kialak\u00edt\u00e1s\u00e1nak folyamata -2005 Karcag- Nemzetk\u00f6zi Pedag\u00f3giai Konferencia<\/li>\n\n\n\n<li>Egy irodalm\u00e1r t\u00f6preng\u00e9sei Trianonr\u00f3l- tanulm\u00e1ny, Trianon \u00e1t\u00edrta Eur\u00f3p\u00e1t- tanulm\u00e1nyk\u00f6tet, Trianon Kutat\u00f3int\u00e9zet, Kairosz kiad\u00f3, 2008. 85-102. oldal.<\/li>\n\n\n\n<li>Szabadk\u0151m\u0171vesek \u00e9s Trianon- Trianoni szemle, 1. sz\u00e1m, 2009. 28-35. oldal.<\/li>\n\n\n\n<li>A huszadik sz\u00e1zad els\u0151 fele irodalmi k\u00e1nonj\u00e1nak eltorz\u00edtott, megcsonk\u00edtott, egyoldal\u00fa \u00e1br\u00e1zol\u00e1s\u00e1r\u00f3l, ennek okair\u00f3l \u00e9s a helyre\u00e1ll\u00edt\u00e1s lehet\u0151s\u00e9geir\u0151l- Magyar Nemzetstrat\u00e9gia, P\u00fcski kiad\u00f3, 2009. 116-121. oldal.<\/li>\n\n\n\n<li>Trianon hat\u00e1sai \u00e9s k\u00f6vetkezm\u00e9nyei a magyar irodalomban, els\u0151 r\u00e9sz -a k\u00e9nyszer\u0171s\u00e9gb\u0151l \u00f6n\u00e1ll\u00f3v\u00e1 v\u00e1l\u00f3 erd\u00e9lyi irodalom, Transzilv\u00e1nizmus<\/li>\n\n\n\n<li>Gondolatok Jancs\u00f3 Benedek&nbsp;<em>K\u00f6lcsey Ferenc \u00c9lete \u00e9s M\u0171vei<\/em>&nbsp;c\u00edm\u0171 monogr\u00e1fi\u00e1j\u00e1r\u00f3l &#8211; Jancs\u00f3 Benedek Eml\u00e9kezete, Jancs\u00f3 Alap\u00edtv\u00e1ny, 2011. 71-83. oldal<\/li>\n\n\n\n<li>G\u00e1rdonyi G\u00e9za helye irodalmunkban, 2013. november, Eger, tudom\u00e1nyos konferencia el\u0151ad\u00e1s<\/li>\n\n\n\n<li>\u00c9rt\u00e9kv\u00e1laszt\u00e1s a K\u00e1rp\u00e1t-medence kort\u00e1rs m\u0171v\u00e9szet\u00e9ben &#8211; \u00e9rt\u00e9kv\u00e1laszt\u00e1s a mai magyar irodalomban, 2014. okt\u00f3ber 18. Budapest, tudom\u00e1nyos konferencia, Magyar M\u0171v\u00e9szeti Akad\u00e9mia<\/li>\n\n\n\n<li>A NAT irodalmi \u00e9s nyelvi \u00fajdons\u00e1gai Trianon t\u00fckr\u00e9ben, A Magyar nyelv a K\u00e1rp\u00e1t-medenc\u00e9ben Trianon el\u0151tt \u00e9s ut\u00e1n \u2013 Nyelv \u00e9s oktat\u00e1spolitikai tanulm\u00e1nyok, Magyars\u00e1gkutat\u00f3 Int\u00e9zet, 2021.<\/li>\n\n\n\n<li>A meg\u00faj\u00edtott \u00e9s helyre\u00e1ll\u00edtott irodalmi k\u00e1non, Magyars\u00e1gtudom\u00e1nyi t\u00e1rgyak az \u00faj NAT-ban \u00e9s KET-ben \u2013 Oktat\u00e1sm\u00f3dszertani \u00e9s oktat\u00e1spolitikai tanulm\u00e1nyok, Magyars\u00e1gkutat\u00f3 Int\u00e9zet, 2023.<\/li>\n<\/ul>\n\n\n\n<h2 class=\"wp-block-heading\"><strong>K\u00f6nyvek<\/strong><\/h2>\n\n\n\n<ul class=\"wp-block-list\">\n<li>\u00c9retts\u00e9gi sz\u00f6veggy\u0171jtem\u00e9ny, 1996.<\/li>\n\n\n\n<li>A XX. Sz\u00e1zad els\u0151 fel\u00e9nek nem nyugatos irodalma (t\u00e1voktat\u00e1si tank\u00f6nyv) &#8211; 2003 Apertus, Budapest<\/li>\n\n\n\n<li>K\u00e1na\u00e1n fel\u00e9 (versesk\u00f6tet) -2004 P\u00fcski kiad\u00f3, Budapest<\/li>\n\n\n\n<li>Wass Albert reg\u00e9nyeinek vil\u00e1ga -2004 Masszi Kiad\u00f3, Budapest<\/li>\n\n\n\n<li>Wass Albert igazs\u00e1ga (monogr\u00e1fia) -2004 Szabad T\u00e9r Kiad\u00f3, Budapest (t\u00e1rsszerz\u0151k: Raffay Ern\u0151, Vekov K\u00e1roly)<\/li>\n\n\n\n<li>Wass Albert: Voltam -kiadatlan \u00e9s befejezetlen \u00f6n\u00e9letrajzi reg\u00e9ny\u00e9nek alkot\u00f3 szerkeszt\u00e9se, befejez\u00e9se -2005 Szabad T\u00e9r Kiad\u00f3, Budapest<\/li>\n\n\n\n<li>Wass Albert titkai -2006 Szabad T\u00e9r Kiad\u00f3, Budapest<\/li>\n\n\n\n<li>Cs\u00f6nd-par\u00e1zson sz\u00f3forg\u00e1csok (versk\u00f6tet) -2007 Masszi Kiad\u00f3, Budapest<\/li>\n\n\n\n<li>Jeruzs\u00e1lemi h\u00e9tv\u00e9ge (versk\u00f6tet) &#8211; 2013 P\u00fcski Kiad\u00f3, Budapest<\/li>\n\n\n\n<li>K\u00e1rp\u00e1t-medencei magyar irodalom 1920-t\u00f3l az ezredfordul\u00f3ig (alkot\u00f3 szerkeszt\u0151), M\u00e9ry Ratio, 2017<\/li>\n\n\n\n<li>G\u00e9neml\u00e9kezet \u2013 V\u00e1logatott \u00e9s \u00faj versek 1990-2020, P\u00fcski, 2021<\/li>\n\n\n\n<li>Herczeg Ferenc reg\u00e9nyeinek \u00e9s dr\u00e1m\u00e1inak vil\u00e1ga, M\u00e9ry Ratio, 2024 (t\u00e1rsszerz\u0151: Liktor Katalin)<\/li>\n<\/ul>\n\n\n\n<h2 class=\"wp-block-heading\"><strong>Telev\u00edzi\u00f3s irodalomt\u00f6rt\u00e9neti sorozatai<\/strong><\/h2>\n\n\n\n<ul class=\"wp-block-list\">\n<li>Sz\u00e1m\u0171z\u00f6tt magyar irodalom (\u00c1prily Lajos, Dsida Jen\u0151, G\u00f3nyi G\u00e9za, Herczeg Ferenc, Nyir\u0151 J\u00f3zsef, Rem\u00e9nyik S\u00e1ndor, Sinka Istv\u00e1n, Szab\u00f3 Dezs\u0151, Tormay C\u00e9cile, Wass Albert), Duna Telev\u00edzi\u00f3 2011-2012.<\/li>\n\n\n\n<li>Elfeledett magyar irodalom (Ap\u00e1czai Csere J\u00e1nos, Bethlen Kata, Bethlen Mikl\u00f3s, K\u00e1roli G\u00e1sp\u00e1r, P\u00e1zm\u00e1ny P\u00e9ter, Szenczi Moln\u00e1r Albert (2 epiz\u00f3d)), Duna Telev\u00edzi\u00f3, 2012-2013.<\/li>\n\n\n\n<li>Magyar Klasszikusok \u00faj k\u00f6nt\u00f6sben (Arany J\u00e1nos, Berzsenyi D\u00e1niel, J\u00f3kai M\u00f3r, Katona J\u00f3zsef, K\u00f6lcsey Ferenc, K\u00f3s K\u00e1roly, Mad\u00e1ch Imre, Miksz\u00e1th K\u00e1lm\u00e1n, Pet\u0151fi S\u00e1ndor, Tam\u00e1si \u00c1ron, V\u00f6r\u00f6smarty Mih\u00e1ly), Duna Telev\u00edzi\u00f3, 2013-2014.<\/li>\n\n\n\n<li>T\u0151k\u00e9czky \u00e9s Takar\u00f3 \u2013 T\u00f6rt\u00e9nelem \u00e9s Irodalom mindenkinek (370 r\u00e9szes telev\u00edzi\u00f3s kult\u00fart\u00f6rt\u00e9neti sorozat), M5, 2016-2022.<\/li>\n\n\n\n<li>Pet\u0151fi, Mad\u00e1ch 200, M5, 2023.<\/li>\n\n\n\n<li>K\u00f6nyvjelz\u0151 \u2013 Takar\u00f3 Mih\u00e1ly m\u0171sora, kult\u00far\u00e1r\u00f3l mindenkinek, M5, 2024.<\/li>\n<\/ul>\n","protected":false},"excerpt":{"rendered":"<p>Takar\u00f3 Mih\u00e1ly \u00cdr\u00f3, irodalomt\u00f6rt\u00e9n\u00e9sz, tan\u00e1r Diplom\u00e1it P\u00e9csett, Debrecenben \u00e9s Budapesten szerezte. 1978-t\u00f3l a budapesti Kossuth Lajos Gimn\u00e1ziumban tan\u00edtott 1995-ig. 1993-t\u00f3l 2004-ig az OKSZI f\u0151munkat\u00e1rsak\u00e9nt a magyar nyelv \u00e9s irodalom orsz\u00e1gos tant\u00e1rgygondoz\u00f3ja volt. 1993. janu\u00e1rja \u00f3ta a magyar irodalom OKTV bizotts\u00e1g \u00fcgyvezet\u0151i-eln\u00f6ki teend\u0151it is ell\u00e1tja. 1999-t\u0151l 2004-ig a Budapest L\u00f3nyay utcai Reform\u00e1tus Gimn\u00e1ziumban egyetemi gyakorlatvezet\u0151 tan\u00e1rk\u00e9nt [&hellip;]<\/p>\n","protected":false},"author":1,"featured_media":0,"parent":0,"menu_order":0,"comment_status":"closed","ping_status":"closed","template":"","meta":{"iawp_total_views":1244,"footnotes":""},"class_list":["post-28","page","type-page","status-publish","hentry"],"_links":{"self":[{"href":"https:\/\/takaromihaly.hu\/index.php\/wp-json\/wp\/v2\/pages\/28","targetHints":{"allow":["GET"]}}],"collection":[{"href":"https:\/\/takaromihaly.hu\/index.php\/wp-json\/wp\/v2\/pages"}],"about":[{"href":"https:\/\/takaromihaly.hu\/index.php\/wp-json\/wp\/v2\/types\/page"}],"author":[{"embeddable":true,"href":"https:\/\/takaromihaly.hu\/index.php\/wp-json\/wp\/v2\/users\/1"}],"replies":[{"embeddable":true,"href":"https:\/\/takaromihaly.hu\/index.php\/wp-json\/wp\/v2\/comments?post=28"}],"version-history":[{"count":4,"href":"https:\/\/takaromihaly.hu\/index.php\/wp-json\/wp\/v2\/pages\/28\/revisions"}],"predecessor-version":[{"id":38,"href":"https:\/\/takaromihaly.hu\/index.php\/wp-json\/wp\/v2\/pages\/28\/revisions\/38"}],"wp:attachment":[{"href":"https:\/\/takaromihaly.hu\/index.php\/wp-json\/wp\/v2\/media?parent=28"}],"curies":[{"name":"wp","href":"https:\/\/api.w.org\/{rel}","templated":true}]}}