{"id":10,"date":"2024-05-22T12:38:52","date_gmt":"2024-05-22T12:38:52","guid":{"rendered":"https:\/\/takaromihaly.hu\/?page_id=10"},"modified":"2024-06-13T19:35:31","modified_gmt":"2024-06-13T19:35:31","slug":"tm","status":"publish","type":"page","link":"https:\/\/takaromihaly.hu\/","title":{"rendered":"TM"},"content":{"rendered":"\n<p>\u00dcnnepi K\u00f6nyvh\u00e9t!<\/p>\n\n\n\n<p>J\u00fanius 15-\u00e9n, szombat d\u00e9lel\u0151tt 11 \u00f3rakor dedik\u00e1lom leg\u00fajabb, <em>Herczeg Ferenc reg\u00e9nyeinek \u00e9s dr\u00e1m\u00e1inak vil\u00e1ga<\/em> c\u00edm\u0171 k\u00f6nyvemet. Szeretettel v\u00e1rok minden \u00e9rdekl\u0151d\u0151t a M\u00e9ri Ratio kiad\u00f3 68-as pavilonj\u00e1n\u00e1l. (Duna-korz\u00f3, a Mariott sz\u00e1ll\u00f3val szemben)<\/p>\n\n\n\n<figure class=\"wp-block-image aligncenter size-full is-resized\"><img loading=\"lazy\" decoding=\"async\" width=\"588\" height=\"831\" src=\"https:\/\/takaromihaly.hu\/wp-content\/uploads\/2024\/06\/tm_1.jpg\" alt=\"\" class=\"wp-image-17\" style=\"width:250px;height:auto\" srcset=\"https:\/\/takaromihaly.hu\/wp-content\/uploads\/2024\/06\/tm_1.jpg 588w, https:\/\/takaromihaly.hu\/wp-content\/uploads\/2024\/06\/tm_1-212x300.jpg 212w\" sizes=\"auto, (max-width: 588px) 100vw, 588px\" \/><\/figure>\n","protected":false},"excerpt":{"rendered":"<p>\u00dcnnepi K\u00f6nyvh\u00e9t! J\u00fanius 15-\u00e9n, szombat d\u00e9lel\u0151tt 11 \u00f3rakor dedik\u00e1lom leg\u00fajabb, Herczeg Ferenc reg\u00e9nyeinek \u00e9s dr\u00e1m\u00e1inak vil\u00e1ga c\u00edm\u0171 k\u00f6nyvemet. Szeretettel v\u00e1rok minden \u00e9rdekl\u0151d\u0151t a M\u00e9ri Ratio kiad\u00f3 68-as pavilonj\u00e1n\u00e1l. (Duna-korz\u00f3, a Mariott sz\u00e1ll\u00f3val szemben)<\/p>\n","protected":false},"author":1,"featured_media":0,"parent":0,"menu_order":0,"comment_status":"closed","ping_status":"closed","template":"","meta":{"iawp_total_views":1646,"footnotes":""},"class_list":["post-10","page","type-page","status-publish","hentry"],"_links":{"self":[{"href":"https:\/\/takaromihaly.hu\/index.php\/wp-json\/wp\/v2\/pages\/10","targetHints":{"allow":["GET"]}}],"collection":[{"href":"https:\/\/takaromihaly.hu\/index.php\/wp-json\/wp\/v2\/pages"}],"about":[{"href":"https:\/\/takaromihaly.hu\/index.php\/wp-json\/wp\/v2\/types\/page"}],"author":[{"embeddable":true,"href":"https:\/\/takaromihaly.hu\/index.php\/wp-json\/wp\/v2\/users\/1"}],"replies":[{"embeddable":true,"href":"https:\/\/takaromihaly.hu\/index.php\/wp-json\/wp\/v2\/comments?post=10"}],"version-history":[{"count":4,"href":"https:\/\/takaromihaly.hu\/index.php\/wp-json\/wp\/v2\/pages\/10\/revisions"}],"predecessor-version":[{"id":32,"href":"https:\/\/takaromihaly.hu\/index.php\/wp-json\/wp\/v2\/pages\/10\/revisions\/32"}],"wp:attachment":[{"href":"https:\/\/takaromihaly.hu\/index.php\/wp-json\/wp\/v2\/media?parent=10"}],"curies":[{"name":"wp","href":"https:\/\/api.w.org\/{rel}","templated":true}]}}